{"id":1068,"date":"2021-04-14T03:56:39","date_gmt":"2021-04-14T03:56:39","guid":{"rendered":"https:\/\/www.tract180water.com\/?page_id=1068"},"modified":"2021-04-20T18:47:42","modified_gmt":"2021-04-20T18:47:42","slug":"start-stop-service-business","status":"publish","type":"page","link":"https:\/\/www.tract180water.com\/es\/start-stop-service-business\/","title":{"rendered":"Start\/Stop Service &#8211; Business"},"content":{"rendered":"<div data-elementor-type=\"wp-page\" data-elementor-id=\"1068\" class=\"elementor elementor-1068\" data-elementor-settings=\"[]\">\n\t\t\t\t\t\t<div class=\"elementor-inner\">\n\t\t\t\t\t\t\t<div class=\"elementor-section-wrap\">\n\t\t\t\t\t\t\t<section class=\"elementor-section elementor-top-section elementor-element elementor-element-1c148cf elementor-section-full_width elementor-section-height-min-height elementor-section-height-default elementor-section-items-middle\" data-id=\"1c148cf\" data-element_type=\"section\" data-settings=\"{&quot;background_background&quot;:&quot;classic&quot;}\">\n\t\t\t\t\t\t\t<div class=\"elementor-background-overlay\"><\/div>\n\t\t\t\t\t\t\t<div class=\"elementor-container elementor-column-gap-default\">\n\t\t\t\t\t\t\t<div class=\"elementor-row\">\n\t\t\t\t\t<div class=\"elementor-column elementor-col-100 elementor-top-column elementor-element elementor-element-a1cd801\" data-id=\"a1cd801\" data-element_type=\"column\">\n\t\t\t<div class=\"elementor-column-wrap elementor-element-populated\">\n\t\t\t\t\t\t\t<div class=\"elementor-widget-wrap\">\n\t\t\t\t\t\t\t\t<\/div>\n\t\t\t\t\t<\/div>\n\t\t<\/div>\n\t\t\t\t\t\t\t\t<\/div>\n\t\t\t\t\t<\/div>\n\t\t<\/section>\n\t\t\t\t<section class=\"elementor-section elementor-top-section elementor-element elementor-element-653d1b0 elementor-section-boxed elementor-section-height-default elementor-section-height-default\" data-id=\"653d1b0\" data-element_type=\"section\" data-settings=\"{&quot;background_background&quot;:&quot;classic&quot;}\">\n\t\t\t\t\t\t<div class=\"elementor-container elementor-column-gap-wide\">\n\t\t\t\t\t\t\t<div class=\"elementor-row\">\n\t\t\t\t\t<div class=\"elementor-column elementor-col-50 elementor-top-column elementor-element elementor-element-6bd6348\" data-id=\"6bd6348\" data-element_type=\"column\">\n\t\t\t<div class=\"elementor-column-wrap elementor-element-populated\">\n\t\t\t\t\t\t\t<div class=\"elementor-widget-wrap\">\n\t\t\t\t\t\t<section class=\"elementor-section elementor-inner-section elementor-element elementor-element-c3f4659 elementor-section-boxed elementor-section-height-default elementor-section-height-default\" data-id=\"c3f4659\" data-element_type=\"section\">\n\t\t\t\t\t\t<div class=\"elementor-container elementor-column-gap-default\">\n\t\t\t\t\t\t\t<div class=\"elementor-row\">\n\t\t\t\t\t<div class=\"elementor-column elementor-col-100 elementor-inner-column elementor-element elementor-element-a2c8587\" data-id=\"a2c8587\" data-element_type=\"column\">\n\t\t\t<div class=\"elementor-column-wrap elementor-element-populated\">\n\t\t\t\t\t\t\t<div class=\"elementor-widget-wrap\">\n\t\t\t\t\t\t<div class=\"elementor-element elementor-element-6608eba elementor-widget elementor-widget-heading\" data-id=\"6608eba\" data-element_type=\"widget\" data-widget_type=\"heading.default\">\n\t\t\t\t<div class=\"elementor-widget-container\">\n\t\t\t<h4 class=\"elementor-heading-title elementor-size-default\">Iniciar Servicio Comercial<\/h4>\t\t<\/div>\n\t\t\t\t<\/div>\n\t\t\t\t<div class=\"elementor-element elementor-element-551e1b2 elementor-widget elementor-widget-text-editor\" data-id=\"551e1b2\" data-element_type=\"widget\" data-widget_type=\"text-editor.default\">\n\t\t\t\t<div class=\"elementor-widget-container\">\n\t\t\t\t\t\t\t\t<div class=\"elementor-text-editor elementor-clearfix\">\n\t\t\t\t<p><em><strong>Para iniciar el Servicio Comercial se requiere lo siguiente:<\/strong><\/em><\/p><ul><li>Nombre legal del comercio como figura registrado en la Secretaria de Estado.<\/li><li>Contrato de Alquiler.<\/li><li>Nombre del titular del comercio.<\/li><li>Nombre del aplicante si fuese diferente.<\/li><li>Contrato del comercio si fuese diferente.<\/li><li>Direcci\u00f3n del lugar donde desea activar su Servicio de Agua.<\/li><li>N\u00famero de tel\u00e9fono.<\/li><\/ul><p>La aplicaci\u00f3n para obtener el servicio deber\u00e1 ser firmada por una persona responsable del comercio tal como figura registrado en la Secretaria de Estado.<\/p><p>El manager de la propiedad pudiese someter la aplicaci\u00f3n para obtener el Servicio se necesita lo siguiente:<\/p><ul><li>Copia del Contrato de Management de la Propiedad.<\/li><li>Una carta autorizada por la persona que firmase el Contrato de Management de la Propiedad.<\/li><\/ul>\t\t\t\t\t<\/div>\n\t\t\t\t\t\t<\/div>\n\t\t\t\t<\/div>\n\t\t\t\t\t\t<\/div>\n\t\t\t\t\t<\/div>\n\t\t<\/div>\n\t\t\t\t\t\t\t\t<\/div>\n\t\t\t\t\t<\/div>\n\t\t<\/section>\n\t\t\t\t\t\t<\/div>\n\t\t\t\t\t<\/div>\n\t\t<\/div>\n\t\t\t\t<div class=\"elementor-column elementor-col-50 elementor-top-column elementor-element elementor-element-999899f\" data-id=\"999899f\" data-element_type=\"column\">\n\t\t\t<div class=\"elementor-column-wrap elementor-element-populated\">\n\t\t\t\t\t\t\t<div class=\"elementor-widget-wrap\">\n\t\t\t\t\t\t<section class=\"elementor-section elementor-inner-section elementor-element elementor-element-bb302cc elementor-section-boxed elementor-section-height-default elementor-section-height-default\" data-id=\"bb302cc\" data-element_type=\"section\">\n\t\t\t\t\t\t<div class=\"elementor-container elementor-column-gap-default\">\n\t\t\t\t\t\t\t<div class=\"elementor-row\">\n\t\t\t\t\t<div class=\"elementor-column elementor-col-100 elementor-inner-column elementor-element elementor-element-c5aae0c\" data-id=\"c5aae0c\" data-element_type=\"column\">\n\t\t\t<div class=\"elementor-column-wrap elementor-element-populated\">\n\t\t\t\t\t\t\t<div class=\"elementor-widget-wrap\">\n\t\t\t\t\t\t<div class=\"elementor-element elementor-element-3fc4d08 elementor-widget elementor-widget-heading\" data-id=\"3fc4d08\" data-element_type=\"widget\" data-widget_type=\"heading.default\">\n\t\t\t\t<div class=\"elementor-widget-container\">\n\t\t\t<h6 class=\"elementor-heading-title elementor-size-small\">Dep\u00f3sitos y Tarifas<\/h6>\t\t<\/div>\n\t\t\t\t<\/div>\n\t\t\t\t<div class=\"elementor-element elementor-element-2be493a elementor-widget elementor-widget-text-editor\" data-id=\"2be493a\" data-element_type=\"widget\" data-widget_type=\"text-editor.default\">\n\t\t\t\t<div class=\"elementor-widget-container\">\n\t\t\t\t\t\t\t\t<div class=\"elementor-text-editor elementor-clearfix\">\n\t\t\t\t<p>Un cobro de $25 ser\u00e1 aplicado a nuevos due\u00f1os.<\/p><p>Un dep\u00f3sito pudiese ser requerido para activar el Servicio, la cantidad del mismo ser\u00e1 basada en la cuenta. El dep\u00f3sito deber\u00e1 ser cobrado en el momento que se solicite el Servicio del Agua.<\/p><p>Aceptamos Dinero en efectivo, cheques y tarjetas de cr\u00e9dito.<\/p>\t\t\t\t\t<\/div>\n\t\t\t\t\t\t<\/div>\n\t\t\t\t<\/div>\n\t\t\t\t\t\t<\/div>\n\t\t\t\t\t<\/div>\n\t\t<\/div>\n\t\t\t\t\t\t\t\t<\/div>\n\t\t\t\t\t<\/div>\n\t\t<\/section>\n\t\t\t\t<section class=\"elementor-section elementor-inner-section elementor-element elementor-element-79ff19b elementor-section-boxed elementor-section-height-default elementor-section-height-default\" data-id=\"79ff19b\" data-element_type=\"section\">\n\t\t\t\t\t\t<div class=\"elementor-container elementor-column-gap-default\">\n\t\t\t\t\t\t\t<div class=\"elementor-row\">\n\t\t\t\t\t<div class=\"elementor-column elementor-col-100 elementor-inner-column elementor-element elementor-element-424c551\" data-id=\"424c551\" data-element_type=\"column\">\n\t\t\t<div class=\"elementor-column-wrap elementor-element-populated\">\n\t\t\t\t\t\t\t<div class=\"elementor-widget-wrap\">\n\t\t\t\t\t\t<div class=\"elementor-element elementor-element-df1e25c elementor-widget elementor-widget-heading\" data-id=\"df1e25c\" data-element_type=\"widget\" data-widget_type=\"heading.default\">\n\t\t\t\t<div class=\"elementor-widget-container\">\n\t\t\t<h6 class=\"elementor-heading-title elementor-size-small\">Factura Final &amp; Reintegros<\/h6>\t\t<\/div>\n\t\t\t\t<\/div>\n\t\t\t\t<div class=\"elementor-element elementor-element-2472677 elementor-widget elementor-widget-text-editor\" data-id=\"2472677\" data-element_type=\"widget\" data-widget_type=\"text-editor.default\">\n\t\t\t\t<div class=\"elementor-widget-container\">\n\t\t\t\t\t\t\t\t<div class=\"elementor-text-editor elementor-clearfix\">\n\t\t\t\t<p>Tract 180 Water procesar\u00e1 una Factura Final y le ser\u00e1 enviada por correo entre un termino de 10 d\u00edas despu\u00e9s de su desconexi\u00f3n.<\/p><p>Si en su cuenta existiese un Dep\u00f3sito, Tract 180 Water lo aplicar\u00e1 a la Factura Final y si la cantidad de su deposite fuese mayor a la Factura Final, Tract 180 Water le devolver\u00e1 la diferencia en un cheque.<\/p>\t\t\t\t\t<\/div>\n\t\t\t\t\t\t<\/div>\n\t\t\t\t<\/div>\n\t\t\t\t\t\t<\/div>\n\t\t\t\t\t<\/div>\n\t\t<\/div>\n\t\t\t\t\t\t\t\t<\/div>\n\t\t\t\t\t<\/div>\n\t\t<\/section>\n\t\t\t\t<section class=\"elementor-section elementor-inner-section elementor-element elementor-element-5b326e9 elementor-section-boxed elementor-section-height-default elementor-section-height-default\" data-id=\"5b326e9\" data-element_type=\"section\">\n\t\t\t\t\t\t<div class=\"elementor-container elementor-column-gap-default\">\n\t\t\t\t\t\t\t<div class=\"elementor-row\">\n\t\t\t\t\t<div class=\"elementor-column elementor-col-100 elementor-inner-column elementor-element elementor-element-6dae089\" data-id=\"6dae089\" data-element_type=\"column\">\n\t\t\t<div class=\"elementor-column-wrap elementor-element-populated\">\n\t\t\t\t\t\t\t<div class=\"elementor-widget-wrap\">\n\t\t\t\t\t\t<div class=\"elementor-element elementor-element-a6811b2 elementor-widget elementor-widget-heading\" data-id=\"a6811b2\" data-element_type=\"widget\" data-widget_type=\"heading.default\">\n\t\t\t\t<div class=\"elementor-widget-container\">\n\t\t\t<h6 class=\"elementor-heading-title elementor-size-small\">Cancelar Servicio<\/h6>\t\t<\/div>\n\t\t\t\t<\/div>\n\t\t\t\t<div class=\"elementor-element elementor-element-0e17b98 elementor-widget elementor-widget-text-editor\" data-id=\"0e17b98\" data-element_type=\"widget\" data-widget_type=\"text-editor.default\">\n\t\t\t\t<div class=\"elementor-widget-container\">\n\t\t\t\t\t\t\t\t<div class=\"elementor-text-editor elementor-clearfix\">\n\t\t\t\t<p>La cancelaci\u00f3n del Servicio puede ser solicitada en persona o llamando a nuestras oficinas.<\/p>\t\t\t\t\t<\/div>\n\t\t\t\t\t\t<\/div>\n\t\t\t\t<\/div>\n\t\t\t\t\t\t<\/div>\n\t\t\t\t\t<\/div>\n\t\t<\/div>\n\t\t\t\t\t\t\t\t<\/div>\n\t\t\t\t\t<\/div>\n\t\t<\/section>\n\t\t\t\t\t\t<\/div>\n\t\t\t\t\t<\/div>\n\t\t<\/div>\n\t\t\t\t\t\t\t\t<\/div>\n\t\t\t\t\t<\/div>\n\t\t<\/section>\n\t\t\t\t\t\t<\/div>\n\t\t\t\t\t\t<\/div>\n\t\t\t\t\t<\/div>","protected":false},"excerpt":{"rendered":"<p>Start business service Requirements for new Commercial accounts: Legal business name as registered with the Secretary of State Lease agreement Business owner&#8217;s name Applicant\u2019s name (if different). Business\u2019 contact name (if different). Service address. Telephone numbers. Requests must be signed by an officer or managing member listed with the Secretary of State in which the [&hellip;]<\/p>","protected":false},"author":2,"featured_media":0,"parent":0,"menu_order":0,"comment_status":"closed","ping_status":"closed","template":"","meta":{"_lmt_disableupdate":"","_lmt_disable":""},"_links":{"self":[{"href":"https:\/\/www.tract180water.com\/es\/wp-json\/wp\/v2\/pages\/1068"}],"collection":[{"href":"https:\/\/www.tract180water.com\/es\/wp-json\/wp\/v2\/pages"}],"about":[{"href":"https:\/\/www.tract180water.com\/es\/wp-json\/wp\/v2\/types\/page"}],"author":[{"embeddable":true,"href":"https:\/\/www.tract180water.com\/es\/wp-json\/wp\/v2\/users\/2"}],"replies":[{"embeddable":true,"href":"https:\/\/www.tract180water.com\/es\/wp-json\/wp\/v2\/comments?post=1068"}],"version-history":[{"count":14,"href":"https:\/\/www.tract180water.com\/es\/wp-json\/wp\/v2\/pages\/1068\/revisions"}],"predecessor-version":[{"id":1509,"href":"https:\/\/www.tract180water.com\/es\/wp-json\/wp\/v2\/pages\/1068\/revisions\/1509"}],"wp:attachment":[{"href":"https:\/\/www.tract180water.com\/es\/wp-json\/wp\/v2\/media?parent=1068"}],"curies":[{"name":"wp","href":"https:\/\/api.w.org\/{rel}","templated":true}]}}