{"id":1085,"date":"2021-04-14T04:56:21","date_gmt":"2021-04-14T04:56:21","guid":{"rendered":"https:\/\/www.tract180water.com\/?page_id=1085"},"modified":"2021-06-25T00:49:59","modified_gmt":"2021-06-25T00:49:59","slug":"faq","status":"publish","type":"page","link":"https:\/\/www.tract180water.com\/es\/faq\/","title":{"rendered":"FAQ"},"content":{"rendered":"<div data-elementor-type=\"wp-page\" data-elementor-id=\"1085\" class=\"elementor elementor-1085\" data-elementor-settings=\"[]\">\n\t\t\t\t\t\t<div class=\"elementor-inner\">\n\t\t\t\t\t\t\t<div class=\"elementor-section-wrap\">\n\t\t\t\t\t\t\t<section class=\"elementor-section elementor-top-section elementor-element elementor-element-2a265dba elementor-section-boxed elementor-section-height-default elementor-section-height-default\" data-id=\"2a265dba\" data-element_type=\"section\" data-settings=\"{&quot;background_background&quot;:&quot;classic&quot;}\">\n\t\t\t\t\t\t<div class=\"elementor-container elementor-column-gap-wide\">\n\t\t\t\t\t\t\t<div class=\"elementor-row\">\n\t\t\t\t\t<div class=\"elementor-column elementor-col-100 elementor-top-column elementor-element elementor-element-4763098a\" data-id=\"4763098a\" data-element_type=\"column\">\n\t\t\t<div class=\"elementor-column-wrap elementor-element-populated\">\n\t\t\t\t\t\t\t<div class=\"elementor-widget-wrap\">\n\t\t\t\t\t\t<div class=\"elementor-element elementor-element-49a44181 elementor-widget elementor-widget-heading\" data-id=\"49a44181\" data-element_type=\"widget\" data-widget_type=\"heading.default\">\n\t\t\t\t<div class=\"elementor-widget-container\">\n\t\t\t<h3 class=\"elementor-heading-title elementor-size-large\">Frequently Asked Questions<\/h3>\t\t<\/div>\n\t\t\t\t<\/div>\n\t\t\t\t<div class=\"elementor-element elementor-element-3bee29a0 elementor-widget elementor-widget-toggle\" data-id=\"3bee29a0\" data-element_type=\"widget\" data-widget_type=\"toggle.default\">\n\t\t\t\t<div class=\"elementor-widget-container\">\n\t\t\t\t\t<div class=\"elementor-toggle\" role=\"tablist\">\n\t\t\t\t\t\t\t<div class=\"elementor-toggle-item\">\n\t\t\t\t\t<div id=\"elementor-tab-title-1001\" class=\"elementor-tab-title\" data-tab=\"1\" role=\"tab\" aria-controls=\"elementor-tab-content-1001\" aria-expanded=\"false\">\n\t\t\t\t\t\t\t\t\t\t\t\t<span class=\"elementor-toggle-icon elementor-toggle-icon-left\" aria-hidden=\"true\">\n\t\t\t\t\t\t\t\t\t\t\t\t\t\t\t<span class=\"elementor-toggle-icon-closed\"><i class=\"fas fa-caret-right\"><\/i><\/span>\n\t\t\t\t\t\t\t\t<span class=\"elementor-toggle-icon-opened\"><i class=\"elementor-toggle-icon-opened fas fa-caret-up\"><\/i><\/span>\n\t\t\t\t\t\t\t\t\t\t\t\t\t<\/span>\n\t\t\t\t\t\t\t\t\t\t\t\t<a href=\"\" class=\"elementor-toggle-title\">Porque el importe de mi factura subi\u00f3 repentinamente?<\/a>\n\t\t\t\t\t<\/div>\n\n\t\t\t\t\t<div id=\"elementor-tab-content-1001\" class=\"elementor-tab-content elementor-clearfix\" data-tab=\"1\" role=\"tabpanel\" aria-labelledby=\"elementor-tab-title-1001\"><p><span style=\"color: #ffffff;\"><strong>Muchos factores en el consumo del agua son reflejados en su factura tener en cuenta, por ejemplo, la cantidad de d\u00edas del ciclo mensual, el n\u00famero de residentes en la propiedad, los metros cuadrados de su yarda que usan agua para nombrar algunos. Pero si su factura subi\u00f3 dr\u00e1sticamente comparada con el mes anterior, entonces hay ciertas preguntas que nos ayudar\u00eda a encontrar el problema.<\/strong><\/span><\/p><p><span style=\"color: #ffffff;\"><em><strong>Sabia usted que el mayor consumo de agua ocurre en el jard\u00edn? Use la siguiente lista para reducir el consumo:<\/strong><\/em><\/span><\/p><ul><li><span style=\"color: #ffffff;\">Ajuste el tiempo de riego de los aspersores.<\/span><\/li><li><span style=\"color: #ffffff;\">Revise las bater\u00edas del controlador de riego, ello previene que el aparato se resetee al modo de f\u00e1brica si se cortase la electricidad.<\/span><\/li><li><span style=\"color: #ffffff;\">Controle las v\u00e1lvulas de irrigaci\u00f3n por perdidas.<\/span><\/li><li><span style=\"color: #ffffff;\">Este atento a lugares que est\u00e1n consistentemente h\u00famedos, ello podr\u00eda indicar alguna perdida subterr\u00e1nea.<\/span><\/li><\/ul><p><span style=\"color: #ffffff;\"><em><strong>Ha notado alg\u00fan desperfecto en su inodoro? Nota que la palanca de descargo se mueve con dificultad?<\/strong><\/em><\/span><\/p><p><span style=\"color: #ffffff;\">Los inodoros suelen ser la primera raz\u00f3n por la cual su factura pudiese ser excesiva, si la v\u00e1lvula de descarga (Flapper) en el tanque no asienta de la manera adecuada, podr\u00eda estar silenciosamente desperdiciando cientos de galones de agua por d\u00eda sin que pudiese darse cuenta.<\/span><\/p><p><span style=\"color: #ffffff;\"><em><strong>Tiene una V\u00e1lvula de Auto Llenado en su piscina?<\/strong><\/em><\/span><\/p><p><span style=\"color: #ffffff;\">Estas v\u00e1lvulas de auto llenado son muy \u00fatiles para mantener un buen funcionamiento en su piscina, no obstante, hemos visto que estas v\u00e1lvulas en muchos casos quedan trabadas y no cierran y as\u00ed sobrepasan el nivel deseado mientras el agua se desperdicia silenciosamente. Por lo tanto, aseg\u00farese de revisar las mismas regularmente. Y recuerde que un cobertor de piscina le estar\u00eda ahorrando dinero tambi\u00e9n. Se calcula que podr\u00edan ahorrarse hasta 15,000 galones de agua por la evaporaci\u00f3n en una piscina de tama\u00f1o \u201cStandard.\u201d<\/span><\/p><p><span style=\"color: #ffffff;\"><em><strong>Usa Suavizador de Agua o alg\u00fan otro tratamiento?<\/strong><\/em><\/span><\/p><p><span style=\"color: #ffffff;\">Algunos clientes elijen usar aparatos para suavizar el agua u otro sistema de tratamiento, este atento que el mal funcionamiento de estos le podr\u00eda significar un aumento excesivo del uso de agua.<\/span><\/p><\/div>\n\t\t\t\t<\/div>\n\t\t\t\t\t\t\t<div class=\"elementor-toggle-item\">\n\t\t\t\t\t<div id=\"elementor-tab-title-1002\" class=\"elementor-tab-title\" data-tab=\"2\" role=\"tab\" aria-controls=\"elementor-tab-content-1002\" aria-expanded=\"false\">\n\t\t\t\t\t\t\t\t\t\t\t\t<span class=\"elementor-toggle-icon elementor-toggle-icon-left\" aria-hidden=\"true\">\n\t\t\t\t\t\t\t\t\t\t\t\t\t\t\t<span class=\"elementor-toggle-icon-closed\"><i class=\"fas fa-caret-right\"><\/i><\/span>\n\t\t\t\t\t\t\t\t<span class=\"elementor-toggle-icon-opened\"><i class=\"elementor-toggle-icon-opened fas fa-caret-up\"><\/i><\/span>\n\t\t\t\t\t\t\t\t\t\t\t\t\t<\/span>\n\t\t\t\t\t\t\t\t\t\t\t\t<a href=\"\" class=\"elementor-toggle-title\">Estamos todav\u00eda en Sequ\u00eda?<\/a>\n\t\t\t\t\t<\/div>\n\n\t\t\t\t\t<div id=\"elementor-tab-content-1002\" class=\"elementor-tab-content elementor-clearfix\" data-tab=\"2\" role=\"tabpanel\" aria-labelledby=\"elementor-tab-title-1002\"><p><span style=\"color: #ffffff;\">El 7 de Abril de 2017 el Gobernador Brown dictamino una Orden Ejecutiva \u201cB-40-17\u201d indicando el final de Sequ\u00eda del Estado de Emergencia en la mayor\u00eda de el Estado. No obstante, los niveles bajos de las napas subterr\u00e1neas todav\u00eda se est\u00e1n recobrando del largo periodo de sequ\u00eda. De todos modos, la orden dejo asentada prohibiciones en el uso indiscriminado del agua obligando a las agencias de suministros a reportar dicha acci\u00f3n.<\/span><\/p><p><span style=\"color: #ffffff;\">En relaci\u00f3n, agencias del estado de California han desarrollado planes para continuar el esfuerzo de conservaci\u00f3n y que forme parte de nuestro modo de vida. Sabemos que por vivir en California estamos sujetos a que se repitan los ciclos de sequ\u00eda. Por lo tanto, si nos enfocamos en usar agua eficientemente vamos a estar mejor preparados para el pr\u00f3ximo ciclo de sequ\u00eda.<\/span><\/p><\/div>\n\t\t\t\t<\/div>\n\t\t\t\t\t\t\t<div class=\"elementor-toggle-item\">\n\t\t\t\t\t<div id=\"elementor-tab-title-1003\" class=\"elementor-tab-title\" data-tab=\"3\" role=\"tab\" aria-controls=\"elementor-tab-content-1003\" aria-expanded=\"false\">\n\t\t\t\t\t\t\t\t\t\t\t\t<span class=\"elementor-toggle-icon elementor-toggle-icon-left\" aria-hidden=\"true\">\n\t\t\t\t\t\t\t\t\t\t\t\t\t\t\t<span class=\"elementor-toggle-icon-closed\"><i class=\"fas fa-caret-right\"><\/i><\/span>\n\t\t\t\t\t\t\t\t<span class=\"elementor-toggle-icon-opened\"><i class=\"elementor-toggle-icon-opened fas fa-caret-up\"><\/i><\/span>\n\t\t\t\t\t\t\t\t\t\t\t\t\t<\/span>\n\t\t\t\t\t\t\t\t\t\t\t\t<a href=\"\" class=\"elementor-toggle-title\">Reporte de Confianza del Consumidor<\/a>\n\t\t\t\t\t<\/div>\n\n\t\t\t\t\t<div id=\"elementor-tab-content-1003\" class=\"elementor-tab-content elementor-clearfix\" data-tab=\"3\" role=\"tabpanel\" aria-labelledby=\"elementor-tab-title-1003\"><span style=\"color: #ffffff;\">Desde 1991, las agencias de agua en California han dado informaci\u00f3n del agua que se ha prove\u00eddo a sus consumidores. Este reporte representa informaci\u00f3n sobre la calidad del agua potable que le prove\u00edmos el a\u00f1o pasado. incluimos detalles sobre el origen del agua que toma, como se analiza, que contiene, y como se compara con los est\u00e1ndares estatales y federales. Nos esforzamos por mantenerle informado sobre la calidad de su agua, y proveerle un abastecimiento confiable y econ\u00f3mico que cumpla con todos los requisitos.<\/span>\n\n<span style=\"color: #ffffff;\">Puede acceder al reporte en el siguiente link: <a style=\"color: #ffffff;\" href=\"https:\/\/www.tract180water.com\/ccr\/ccr2020.pdf\"><strong>www.tract180water.com\/ccr\/ccr2020.pdf<\/strong><\/a><\/span><\/div>\n\t\t\t\t<\/div>\n\t\t\t\t\t\t\t<div class=\"elementor-toggle-item\">\n\t\t\t\t\t<div id=\"elementor-tab-title-1004\" class=\"elementor-tab-title\" data-tab=\"4\" role=\"tab\" aria-controls=\"elementor-tab-content-1004\" aria-expanded=\"false\">\n\t\t\t\t\t\t\t\t\t\t\t\t<span class=\"elementor-toggle-icon elementor-toggle-icon-left\" aria-hidden=\"true\">\n\t\t\t\t\t\t\t\t\t\t\t\t\t\t\t<span class=\"elementor-toggle-icon-closed\"><i class=\"fas fa-caret-right\"><\/i><\/span>\n\t\t\t\t\t\t\t\t<span class=\"elementor-toggle-icon-opened\"><i class=\"elementor-toggle-icon-opened fas fa-caret-up\"><\/i><\/span>\n\t\t\t\t\t\t\t\t\t\t\t\t\t<\/span>\n\t\t\t\t\t\t\t\t\t\t\t\t<a href=\"\" class=\"elementor-toggle-title\">Como puedo saber de la calidad del agua?<\/a>\n\t\t\t\t\t<\/div>\n\n\t\t\t\t\t<div id=\"elementor-tab-content-1004\" class=\"elementor-tab-content elementor-clearfix\" data-tab=\"4\" role=\"tabpanel\" aria-labelledby=\"elementor-tab-title-1004\"><p><span style=\"color: #ffffff;\">Nosotros, en Tract 180 Water Company estamos comprometidos a testear, proteger y suministrar alta calidad de agua a nuestros clientes, y estamos orgullosos de anunciar que el agua que proveemos a sus hogares, escuelas y comercios cumple y hasta excede los estandartes por el estado y agencias reguladoras federales.<\/span><\/p><p><span style=\"color: #ffffff;\">Nosotros realizamos varios testeos de la calidad del agua anualmente para asegurarnos que pueda beber agua limpia y segura. En nuestro reporte anual de la calidad del agua de \u201cConfianza del Consumidor\u201d podr\u00e1 encontrar toda la informaci\u00f3n necesaria del agua que consume, as\u00ed como tambi\u00e9n los resultados de los testeos de calidad del a\u00f1o anterior.\n\nPuede acceder al reporte en el siguiente link: <a style=\"color: #ffffff;\" href=\"https:\/\/www.tract180water.com\/wp-content\/uploads\/2020\/09\/2019-CCR.pdf\"><strong>www.tract180water.com\/ccr.pdf<\/strong><\/a><\/span><\/p><\/div>\n\t\t\t\t<\/div>\n\t\t\t\t\t\t\t<div class=\"elementor-toggle-item\">\n\t\t\t\t\t<div id=\"elementor-tab-title-1005\" class=\"elementor-tab-title\" data-tab=\"5\" role=\"tab\" aria-controls=\"elementor-tab-content-1005\" aria-expanded=\"false\">\n\t\t\t\t\t\t\t\t\t\t\t\t<span class=\"elementor-toggle-icon elementor-toggle-icon-left\" aria-hidden=\"true\">\n\t\t\t\t\t\t\t\t\t\t\t\t\t\t\t<span class=\"elementor-toggle-icon-closed\"><i class=\"fas fa-caret-right\"><\/i><\/span>\n\t\t\t\t\t\t\t\t<span class=\"elementor-toggle-icon-opened\"><i class=\"elementor-toggle-icon-opened fas fa-caret-up\"><\/i><\/span>\n\t\t\t\t\t\t\t\t\t\t\t\t\t<\/span>\n\t\t\t\t\t\t\t\t\t\t\t\t<a href=\"\" class=\"elementor-toggle-title\">Como se analiza mi Agua Potable?<\/a>\n\t\t\t\t\t<\/div>\n\n\t\t\t\t\t<div id=\"elementor-tab-content-1005\" class=\"elementor-tab-content elementor-clearfix\" data-tab=\"5\" role=\"tabpanel\" aria-labelledby=\"elementor-tab-title-1005\"><p><span style=\"color: #ffffff;\">El agua que bebe se analiza regularmente para asegurar y verificar que no tenga niveles altos de sustancias qu\u00edmicas, de radioactividad o de bacteria en el sistema de distribuci\u00f3n y en los servicios de agua. Estos an\u00e1lisis se llevan a cabo semanal, mensual, trimestral, y anualmente o con m\u00e1s frecuencia, dependiendo de la sustancia analizada. Dentro de las leyes estatales y federales, se nos permite analizar algunas sustancias con menor frecuencia que los periodos anuales porque los resultados no cambian.\u00a0<\/span><\/p><\/div>\n\t\t\t\t<\/div>\n\t\t\t\t\t\t\t<div class=\"elementor-toggle-item\">\n\t\t\t\t\t<div id=\"elementor-tab-title-1006\" class=\"elementor-tab-title\" data-tab=\"6\" role=\"tab\" aria-controls=\"elementor-tab-content-1006\" aria-expanded=\"false\">\n\t\t\t\t\t\t\t\t\t\t\t\t<span class=\"elementor-toggle-icon elementor-toggle-icon-left\" aria-hidden=\"true\">\n\t\t\t\t\t\t\t\t\t\t\t\t\t\t\t<span class=\"elementor-toggle-icon-closed\"><i class=\"fas fa-caret-right\"><\/i><\/span>\n\t\t\t\t\t\t\t\t<span class=\"elementor-toggle-icon-opened\"><i class=\"elementor-toggle-icon-opened fas fa-caret-up\"><\/i><\/span>\n\t\t\t\t\t\t\t\t\t\t\t\t\t<\/span>\n\t\t\t\t\t\t\t\t\t\t\t\t<a href=\"\" class=\"elementor-toggle-title\">Cuales son los Est\u00e1ndares del Agua Potable?<\/a>\n\t\t\t\t\t<\/div>\n\n\t\t\t\t\t<div id=\"elementor-tab-content-1006\" class=\"elementor-tab-content elementor-clearfix\" data-tab=\"6\" role=\"tabpanel\" aria-labelledby=\"elementor-tab-title-1006\"><p><span style=\"color: #ffffff;\">La Agencia federal de Protecci\u00f3n al Medio Ambiente (USEPA) impone los l\u00edmites de substancia permitidas para ciertos contaminantes en el agua potable. En California, el Departamento de la Salud P\u00fablica (CDHP) regula la calidad del agua potable haciendo cumplir con los l\u00edmites que son al menos tan rigurosos como los del USEPA.<\/span><\/p><p><span style=\"color: #ffffff;\">Hist\u00f3ricamente, los est\u00e1ndares de California han sido m\u00e1s estrictos que los est\u00e1ndares federales.\nHay dos tipos de l\u00edmites conocidos como est\u00e1ndares. Los est\u00e1ndares primarios lo protegen de sustancias que potencialmente le podr\u00edan afectar su salud. Los est\u00e1ndares secundarios regulan las sustancias que afectan la calidad est\u00e9tica del agua.<\/span><\/p><p><span style=\"color: #ffffff;\">Las regulaciones establecen los Niveles M\u00e1ximos de Contaminantes (MCL) para los est\u00e1ndares primario o secundario en el agua para beber. El MCL es el nivel m\u00e1ximo permitido para las substancias monitoreadas en el agua para beber.<\/span><\/p><p><span style=\"color: #ffffff;\">Objetivos del Departamento de Salud P\u00fablica (PHG) son establecidos por la agencia estatal de California-EPA. Los PHG proveen m\u00e1s informaci\u00f3n con respecto a la calidad del agua para los consumidores, y son similares a sus contrapartes federales.<\/span><\/p><\/div>\n\t\t\t\t<\/div>\n\t\t\t\t\t\t\t<div class=\"elementor-toggle-item\">\n\t\t\t\t\t<div id=\"elementor-tab-title-1007\" class=\"elementor-tab-title\" data-tab=\"7\" role=\"tab\" aria-controls=\"elementor-tab-content-1007\" aria-expanded=\"false\">\n\t\t\t\t\t\t\t\t\t\t\t\t<span class=\"elementor-toggle-icon elementor-toggle-icon-left\" aria-hidden=\"true\">\n\t\t\t\t\t\t\t\t\t\t\t\t\t\t\t<span class=\"elementor-toggle-icon-closed\"><i class=\"fas fa-caret-right\"><\/i><\/span>\n\t\t\t\t\t\t\t\t<span class=\"elementor-toggle-icon-opened\"><i class=\"elementor-toggle-icon-opened fas fa-caret-up\"><\/i><\/span>\n\t\t\t\t\t\t\t\t\t\t\t\t\t<\/span>\n\t\t\t\t\t\t\t\t\t\t\t\t<a href=\"\" class=\"elementor-toggle-title\">Como interpreto la Tabla de Calidad del Agua?<\/a>\n\t\t\t\t\t<\/div>\n\n\t\t\t\t\t<div id=\"elementor-tab-content-1007\" class=\"elementor-tab-content elementor-clearfix\" data-tab=\"7\" role=\"tabpanel\" aria-labelledby=\"elementor-tab-title-1007\"><p><span style=\"color: #ffffff;\">Aunque analizamos m\u00e1s de 100 sustancias, los reglamentos solo nos requieren que reportemos aquellas sustancias que se encuentran en su agua. La primera columna en la tabla de calidad de agua muestra las sustancias detectadas en el agua.  La siguiente columna muestra un promedio y el rango de concentraciones encontrado en el agua que usted toma. En seguida est\u00e1n las listas del MCL, el PHG y el MCLG, si son apropiados. La \u00faltima columna describe las probables fuentes u or\u00edgenes de las sustancias detectadas en el agua potable.<\/span><\/p><p><span style=\"color: #ffffff;\">Para revisar la calidad de su agua para beber, compare el valor de la substancia contra el MCL. Revise todos los qu\u00edmicos que se encuentran sobrepasando el MCL. Si se encuentra un qu\u00edmico sobrepasando el MCL, no significa que sea perjudicial a la salud de inmediato. Mas bien, se requiere que se realicen an\u00e1lisis m\u00e1s frecuentemente en el abastecimiento del agua por un periodo mas corto.<\/span><\/p><\/div>\n\t\t\t\t<\/div>\n\t\t\t\t\t\t\t\t<\/div>\n\t\t\t\t<\/div>\n\t\t\t\t<\/div>\n\t\t\t\t\t\t<\/div>\n\t\t\t\t\t<\/div>\n\t\t<\/div>\n\t\t\t\t\t\t\t\t<\/div>\n\t\t\t\t\t<\/div>\n\t\t<\/section>\n\t\t\t\t\t\t<\/div>\n\t\t\t\t\t\t<\/div>\n\t\t\t\t\t<\/div>","protected":false},"excerpt":{"rendered":"<p>Frequently Asked Questions Why did my bill go up? Many water consumption factors are accounted for on your bill including the number of days in the current billing cycle, the assumed number of residents in your home, and the square footage of your outdoor landscape that uses water. If your bill has increased drastically since [&hellip;]<\/p>","protected":false},"author":2,"featured_media":0,"parent":0,"menu_order":0,"comment_status":"closed","ping_status":"closed","template":"","meta":{"_lmt_disableupdate":"","_lmt_disable":""},"_links":{"self":[{"href":"https:\/\/www.tract180water.com\/es\/wp-json\/wp\/v2\/pages\/1085"}],"collection":[{"href":"https:\/\/www.tract180water.com\/es\/wp-json\/wp\/v2\/pages"}],"about":[{"href":"https:\/\/www.tract180water.com\/es\/wp-json\/wp\/v2\/types\/page"}],"author":[{"embeddable":true,"href":"https:\/\/www.tract180water.com\/es\/wp-json\/wp\/v2\/users\/2"}],"replies":[{"embeddable":true,"href":"https:\/\/www.tract180water.com\/es\/wp-json\/wp\/v2\/comments?post=1085"}],"version-history":[{"count":25,"href":"https:\/\/www.tract180water.com\/es\/wp-json\/wp\/v2\/pages\/1085\/revisions"}],"predecessor-version":[{"id":1559,"href":"https:\/\/www.tract180water.com\/es\/wp-json\/wp\/v2\/pages\/1085\/revisions\/1559"}],"wp:attachment":[{"href":"https:\/\/www.tract180water.com\/es\/wp-json\/wp\/v2\/media?parent=1085"}],"curies":[{"name":"wp","href":"https:\/\/api.w.org\/{rel}","templated":true}]}}