{"id":645,"date":"2020-02-20T13:30:04","date_gmt":"2020-02-20T13:30:04","guid":{"rendered":"https:\/\/www.tract180water.com\/?page_id=645"},"modified":"2021-04-20T16:54:08","modified_gmt":"2021-04-20T16:54:08","slug":"start-stop-service","status":"publish","type":"page","link":"https:\/\/www.tract180water.com\/es\/start-stop-service\/","title":{"rendered":"Start\/Stop Service &#8211; Residential"},"content":{"rendered":"<div data-elementor-type=\"wp-page\" data-elementor-id=\"645\" class=\"elementor elementor-645\" data-elementor-settings=\"[]\">\n\t\t\t\t\t\t<div class=\"elementor-inner\">\n\t\t\t\t\t\t\t<div class=\"elementor-section-wrap\">\n\t\t\t\t\t\t\t<section class=\"elementor-section elementor-top-section elementor-element elementor-element-1c148cf elementor-section-full_width elementor-section-height-min-height elementor-section-content-bottom elementor-hidden-phone elementor-section-height-default elementor-section-items-middle\" data-id=\"1c148cf\" data-element_type=\"section\" data-settings=\"{&quot;background_background&quot;:&quot;classic&quot;}\">\n\t\t\t\t\t\t\t<div class=\"elementor-background-overlay\"><\/div>\n\t\t\t\t\t\t\t<div class=\"elementor-container elementor-column-gap-default\">\n\t\t\t\t\t\t\t<div class=\"elementor-row\">\n\t\t\t\t\t<div class=\"elementor-column elementor-col-100 elementor-top-column elementor-element elementor-element-a1cd801\" data-id=\"a1cd801\" data-element_type=\"column\">\n\t\t\t<div class=\"elementor-column-wrap elementor-element-populated\">\n\t\t\t\t\t\t\t<div class=\"elementor-widget-wrap\">\n\t\t\t\t\t\t\t\t<\/div>\n\t\t\t\t\t<\/div>\n\t\t<\/div>\n\t\t\t\t\t\t\t\t<\/div>\n\t\t\t\t\t<\/div>\n\t\t<\/section>\n\t\t\t\t<section class=\"elementor-section elementor-top-section elementor-element elementor-element-653d1b0 elementor-section-boxed elementor-section-height-default elementor-section-height-default\" data-id=\"653d1b0\" data-element_type=\"section\" data-settings=\"{&quot;background_background&quot;:&quot;classic&quot;}\">\n\t\t\t\t\t\t<div class=\"elementor-container elementor-column-gap-wide\">\n\t\t\t\t\t\t\t<div class=\"elementor-row\">\n\t\t\t\t\t<div class=\"elementor-column elementor-col-50 elementor-top-column elementor-element elementor-element-6bd6348\" data-id=\"6bd6348\" data-element_type=\"column\">\n\t\t\t<div class=\"elementor-column-wrap elementor-element-populated\">\n\t\t\t\t\t\t\t<div class=\"elementor-widget-wrap\">\n\t\t\t\t\t\t<section class=\"elementor-section elementor-inner-section elementor-element elementor-element-c3f4659 elementor-section-boxed elementor-section-height-default elementor-section-height-default\" data-id=\"c3f4659\" data-element_type=\"section\">\n\t\t\t\t\t\t<div class=\"elementor-container elementor-column-gap-default\">\n\t\t\t\t\t\t\t<div class=\"elementor-row\">\n\t\t\t\t\t<div class=\"elementor-column elementor-col-100 elementor-inner-column elementor-element elementor-element-402aa1d\" data-id=\"402aa1d\" data-element_type=\"column\">\n\t\t\t<div class=\"elementor-column-wrap elementor-element-populated\">\n\t\t\t\t\t\t\t<div class=\"elementor-widget-wrap\">\n\t\t\t\t\t\t<div class=\"elementor-element elementor-element-21a1154 elementor-widget elementor-widget-heading\" data-id=\"21a1154\" data-element_type=\"widget\" data-widget_type=\"heading.default\">\n\t\t\t\t<div class=\"elementor-widget-container\">\n\t\t\t<h4 class=\"elementor-heading-title elementor-size-default\">Iniciar Servicio<\/h4>\t\t<\/div>\n\t\t\t\t<\/div>\n\t\t\t\t<div class=\"elementor-element elementor-element-3a5384b elementor-widget elementor-widget-text-editor\" data-id=\"3a5384b\" data-element_type=\"widget\" data-widget_type=\"text-editor.default\">\n\t\t\t\t<div class=\"elementor-widget-container\">\n\t\t\t\t\t\t\t\t<div class=\"elementor-text-editor elementor-clearfix\">\n\t\t\t\t<p style=\"text-align: left;\">Si usted no tiene una cuenta activa con nosotros, visite nuestras oficinas en 4544 Florence Ave. Cudahy, CA 90201 para dar de alta su Servicio de Agua<\/p><p style=\"text-align: left;\"><em><strong>Para iniciar el Servicio Residencial se requiere lo siguiente:<\/strong><\/em><\/p><ul style=\"text-align: left;\"><li>Copia del Grant Deed o Closing Statement si fuese due\u00f1o de la propiedad.<\/li><li>Copia del Contrato de Renta si fuese inquilino.<\/li><li>N\u00famero de tel\u00e9fono.<\/li><li>Direcci\u00f3n del lugar donde desea activar su Servicio de Agua.<\/li><li>Documento de identidad emitido por alguna agencia gubernamental.<\/li><\/ul><p style=\"text-align: left;\"><em><strong>IMPORTANTE:<\/strong>\u00a0<\/em>Controle que los ca\u00f1os de agua y grifos de la propiedad est\u00e9n en buen estado, y que los grifos est\u00e9n cerrados antes de requerir su servicio. Los clientes son responsables de cualquier da\u00f1o que sufriese la propiedad en el momento que el servicio de agua sea activado, ya sea por ca\u00f1os rotos y\/o p\u00e9rdidas de agua.<\/p>\t\t\t\t\t<\/div>\n\t\t\t\t\t\t<\/div>\n\t\t\t\t<\/div>\n\t\t\t\t\t\t<\/div>\n\t\t\t\t\t<\/div>\n\t\t<\/div>\n\t\t\t\t\t\t\t\t<\/div>\n\t\t\t\t\t<\/div>\n\t\t<\/section>\n\t\t\t\t\t\t<\/div>\n\t\t\t\t\t<\/div>\n\t\t<\/div>\n\t\t\t\t<div class=\"elementor-column elementor-col-50 elementor-top-column elementor-element elementor-element-999899f\" data-id=\"999899f\" data-element_type=\"column\">\n\t\t\t<div class=\"elementor-column-wrap elementor-element-populated\">\n\t\t\t\t\t\t\t<div class=\"elementor-widget-wrap\">\n\t\t\t\t\t\t<section class=\"elementor-section elementor-inner-section elementor-element elementor-element-bb302cc elementor-section-boxed elementor-section-height-default elementor-section-height-default\" data-id=\"bb302cc\" data-element_type=\"section\">\n\t\t\t\t\t\t<div class=\"elementor-container elementor-column-gap-default\">\n\t\t\t\t\t\t\t<div class=\"elementor-row\">\n\t\t\t\t\t<div class=\"elementor-column elementor-col-100 elementor-inner-column elementor-element elementor-element-c5aae0c\" data-id=\"c5aae0c\" data-element_type=\"column\">\n\t\t\t<div class=\"elementor-column-wrap elementor-element-populated\">\n\t\t\t\t\t\t\t<div class=\"elementor-widget-wrap\">\n\t\t\t\t\t\t<div class=\"elementor-element elementor-element-3fc4d08 elementor-widget elementor-widget-heading\" data-id=\"3fc4d08\" data-element_type=\"widget\" data-widget_type=\"heading.default\">\n\t\t\t\t<div class=\"elementor-widget-container\">\n\t\t\t<h6 class=\"elementor-heading-title elementor-size-small\">Dep\u00f3sitos y Tarifas<\/h6>\t\t<\/div>\n\t\t\t\t<\/div>\n\t\t\t\t<div class=\"elementor-element elementor-element-2be493a elementor-widget elementor-widget-text-editor\" data-id=\"2be493a\" data-element_type=\"widget\" data-widget_type=\"text-editor.default\">\n\t\t\t\t<div class=\"elementor-widget-container\">\n\t\t\t\t\t\t\t\t<div class=\"elementor-text-editor elementor-clearfix\">\n\t\t\t\t<p style=\"text-align: left;\">Un cobro de $25 ser\u00e1 aplicado a nuevos due\u00f1os.<\/p><p style=\"text-align: left;\">Un dep\u00f3sito pudiese ser requerido para activar el Servicio, la cantidad del mismo ser\u00e1 basada en la cuenta. El dep\u00f3sito deber\u00e1 ser cobrado en el momento que se solicite el Servicio del Agua.<\/p><p style=\"text-align: left;\">Aceptamos Dinero en efectivo, cheques y tarjetas de cr\u00e9dito.<\/p>\t\t\t\t\t<\/div>\n\t\t\t\t\t\t<\/div>\n\t\t\t\t<\/div>\n\t\t\t\t<div class=\"elementor-element elementor-element-df1e25c elementor-widget elementor-widget-heading\" data-id=\"df1e25c\" data-element_type=\"widget\" data-widget_type=\"heading.default\">\n\t\t\t\t<div class=\"elementor-widget-container\">\n\t\t\t<h6 class=\"elementor-heading-title elementor-size-small\">Factura Final &amp; Reintegros<\/h6>\t\t<\/div>\n\t\t\t\t<\/div>\n\t\t\t\t<div class=\"elementor-element elementor-element-2472677 elementor-widget elementor-widget-text-editor\" data-id=\"2472677\" data-element_type=\"widget\" data-widget_type=\"text-editor.default\">\n\t\t\t\t<div class=\"elementor-widget-container\">\n\t\t\t\t\t\t\t\t<div class=\"elementor-text-editor elementor-clearfix\">\n\t\t\t\t<p style=\"text-align: left;\">Tract 180 Water procesar\u00e1 una Factura Final y le ser\u00e1 enviada por correo entre un termino de 10 d\u00edas despu\u00e9s de su desconexi\u00f3n.<\/p><p style=\"text-align: left;\">Si en su cuenta existiese un Dep\u00f3sito, Tract 180 Water lo aplicar\u00e1 a la Factura Final y si la cantidad de su deposite fuese mayor a la Factura Final, Tract 180 Water le devolver\u00e1 la diferencia en un cheque.<\/p>\t\t\t\t\t<\/div>\n\t\t\t\t\t\t<\/div>\n\t\t\t\t<\/div>\n\t\t\t\t<div class=\"elementor-element elementor-element-a6811b2 elementor-widget elementor-widget-heading\" data-id=\"a6811b2\" data-element_type=\"widget\" data-widget_type=\"heading.default\">\n\t\t\t\t<div class=\"elementor-widget-container\">\n\t\t\t<h6 class=\"elementor-heading-title elementor-size-small\">Cancelar Servicio<\/h6>\t\t<\/div>\n\t\t\t\t<\/div>\n\t\t\t\t<div class=\"elementor-element elementor-element-0e17b98 elementor-widget elementor-widget-text-editor\" data-id=\"0e17b98\" data-element_type=\"widget\" data-widget_type=\"text-editor.default\">\n\t\t\t\t<div class=\"elementor-widget-container\">\n\t\t\t\t\t\t\t\t<div class=\"elementor-text-editor elementor-clearfix\">\n\t\t\t\t<p style=\"text-align: left;\">La cancelaci\u00f3n del Servicio puede ser solicitada en persona o llamando a nuestras oficinas.<\/p>\t\t\t\t\t<\/div>\n\t\t\t\t\t\t<\/div>\n\t\t\t\t<\/div>\n\t\t\t\t\t\t<\/div>\n\t\t\t\t\t<\/div>\n\t\t<\/div>\n\t\t\t\t\t\t\t\t<\/div>\n\t\t\t\t\t<\/div>\n\t\t<\/section>\n\t\t\t\t\t\t<\/div>\n\t\t\t\t\t<\/div>\n\t\t<\/div>\n\t\t\t\t\t\t\t\t<\/div>\n\t\t\t\t\t<\/div>\n\t\t<\/section>\n\t\t\t\t\t\t<\/div>\n\t\t\t\t\t\t<\/div>\n\t\t\t\t\t<\/div>","protected":false},"excerpt":{"rendered":"<p>Start Service If you currently do not have an active account with us, then visit our offices at 4544 Florence Ave. Cudahy, CA 90201 during regular business hours to start residential water service. Requirements for new residential accounts: Copy of Grant Deed or Closing Statement (For Owners). Copy of Rental Agreement (For Tenants). Telephone numbers. [&hellip;]<\/p>","protected":false},"author":2,"featured_media":0,"parent":0,"menu_order":0,"comment_status":"closed","ping_status":"closed","template":"","meta":{"_lmt_disableupdate":"","_lmt_disable":""},"_links":{"self":[{"href":"https:\/\/www.tract180water.com\/es\/wp-json\/wp\/v2\/pages\/645"}],"collection":[{"href":"https:\/\/www.tract180water.com\/es\/wp-json\/wp\/v2\/pages"}],"about":[{"href":"https:\/\/www.tract180water.com\/es\/wp-json\/wp\/v2\/types\/page"}],"author":[{"embeddable":true,"href":"https:\/\/www.tract180water.com\/es\/wp-json\/wp\/v2\/users\/2"}],"replies":[{"embeddable":true,"href":"https:\/\/www.tract180water.com\/es\/wp-json\/wp\/v2\/comments?post=645"}],"version-history":[{"count":100,"href":"https:\/\/www.tract180water.com\/es\/wp-json\/wp\/v2\/pages\/645\/revisions"}],"predecessor-version":[{"id":1377,"href":"https:\/\/www.tract180water.com\/es\/wp-json\/wp\/v2\/pages\/645\/revisions\/1377"}],"wp:attachment":[{"href":"https:\/\/www.tract180water.com\/es\/wp-json\/wp\/v2\/media?parent=645"}],"curies":[{"name":"wp","href":"https:\/\/api.w.org\/{rel}","templated":true}]}}