{"id":758,"date":"2020-08-05T08:22:08","date_gmt":"2020-08-05T08:22:08","guid":{"rendered":"https:\/\/www.tract180water.com\/?page_id=758"},"modified":"2021-04-20T17:28:28","modified_gmt":"2021-04-20T17:28:28","slug":"covid-19","status":"publish","type":"page","link":"https:\/\/www.tract180water.com\/es\/covid-19\/","title":{"rendered":"COVID-19"},"content":{"rendered":"<div data-elementor-type=\"wp-page\" data-elementor-id=\"758\" class=\"elementor elementor-758\" data-elementor-settings=\"[]\">\n\t\t\t\t\t\t<div class=\"elementor-inner\">\n\t\t\t\t\t\t\t<div class=\"elementor-section-wrap\">\n\t\t\t\t\t\t\t<section class=\"elementor-section elementor-top-section elementor-element elementor-element-29f3d075 elementor-section-boxed elementor-section-height-default elementor-section-height-default\" data-id=\"29f3d075\" data-element_type=\"section\" data-settings=\"{&quot;background_background&quot;:&quot;classic&quot;}\">\n\t\t\t\t\t\t<div class=\"elementor-container elementor-column-gap-default\">\n\t\t\t\t\t\t\t<div class=\"elementor-row\">\n\t\t\t\t\t<div class=\"elementor-column elementor-col-100 elementor-top-column elementor-element elementor-element-7d8487d7\" data-id=\"7d8487d7\" data-element_type=\"column\">\n\t\t\t<div class=\"elementor-column-wrap elementor-element-populated\">\n\t\t\t\t\t\t\t<div class=\"elementor-widget-wrap\">\n\t\t\t\t\t\t<div class=\"elementor-element elementor-element-2a2e7dc1 elementor-widget elementor-widget-heading\" data-id=\"2a2e7dc1\" data-element_type=\"widget\" data-widget_type=\"heading.default\">\n\t\t\t\t<div class=\"elementor-widget-container\">\n\t\t\t<h3 class=\"elementor-heading-title elementor-size-default\">Respuesta al COVID-19<\/h3>\t\t<\/div>\n\t\t\t\t<\/div>\n\t\t\t\t<section class=\"elementor-section elementor-inner-section elementor-element elementor-element-4e07c695 elementor-section-boxed elementor-section-height-default elementor-section-height-default\" data-id=\"4e07c695\" data-element_type=\"section\">\n\t\t\t\t\t\t<div class=\"elementor-container elementor-column-gap-wide\">\n\t\t\t\t\t\t\t<div class=\"elementor-row\">\n\t\t\t\t\t<div class=\"elementor-column elementor-col-100 elementor-inner-column elementor-element elementor-element-51554853\" data-id=\"51554853\" data-element_type=\"column\">\n\t\t\t<div class=\"elementor-column-wrap elementor-element-populated\">\n\t\t\t\t\t\t\t<div class=\"elementor-widget-wrap\">\n\t\t\t\t\t\t<div class=\"elementor-element elementor-element-1c19a0f6 elementor-view-default elementor-vertical-align-top elementor-widget elementor-widget-icon-box\" data-id=\"1c19a0f6\" data-element_type=\"widget\" data-widget_type=\"icon-box.default\">\n\t\t\t\t<div class=\"elementor-widget-container\">\n\t\t\t\t\t<div class=\"elementor-icon-box-wrapper\">\n\t\t\t\t\t\t<div class=\"elementor-icon-box-content\">\n\t\t\t\t<h3 class=\"elementor-icon-box-title\">\n\t\t\t\t\t<span  >\n\t\t\t\t\t\t\t\t\t\t\t<\/span>\n\t\t\t\t<\/h3>\n\t\t\t\t\t\t\t\t\t<p class=\"elementor-icon-box-description\">\n\t\t\t\t\t\tTract 180 Water le informa a sus clientes y comunidad a la cual provee que el agua potable es segura de beber. El Coronavirus (COVID-19) no tiene ning\u00fan impacto en la calidad de agua potable que Tract 180 Water suministra.<br><br> \nEsta pandemia no ha alterado ni el Servicio ni el suministro a los clientes de la ciudad de Cudahy o Bell. El agua potable es segura y est\u00e1 disponible.<br><br>\nEn Tract 180 Water nuestra agua es procesada en numerosas faces de tratamiento con el fin de eliminar pat\u00f3genos y adem\u00e1s de rigurosos testeos para asegurarnos cumplir con los est\u00e1ndares Federales y del Estado.<br><br> \nTract 180 Water cumple con todas de Salud y Cualidad del agua recomendadas a nivel Estatal y Federal en relaci\u00f3n al COVID-19, y lo continuara haciendo conforme aparezcan nuevas regulaciones.<br><br>\nPara saber mas del COVID-19 en la Ciudad de Cudahy visite: <p class=\"covid\"><a href=\"https:\/\/www.cityofcudahy.com\/211\/Coronavirus-Resource-Center\" target=\"_blank\">https:\/\/www.cityofcudahy.com\/211\/Coronavirus-Resource-Center<\/a><\/p> \t\t\t\t\t<\/p>\n\t\t\t\t\t\t\t<\/div>\n\t\t<\/div>\n\t\t\t\t<\/div>\n\t\t\t\t<\/div>\n\t\t\t\t\t\t<\/div>\n\t\t\t\t\t<\/div>\n\t\t<\/div>\n\t\t\t\t\t\t\t\t<\/div>\n\t\t\t\t\t<\/div>\n\t\t<\/section>\n\t\t\t\t\t\t<\/div>\n\t\t\t\t\t<\/div>\n\t\t<\/div>\n\t\t\t\t\t\t\t\t<\/div>\n\t\t\t\t\t<\/div>\n\t\t<\/section>\n\t\t\t\t\t\t<\/div>\n\t\t\t\t\t\t<\/div>\n\t\t\t\t\t<\/div>","protected":false},"excerpt":{"rendered":"<p>Tract 180 Water\u2019s Updates and COVID-19 Response Tract 180 Water assures the community your tap water is safe to drink. The Coronavirus Disease (COVID-19) has no impact on the quality or supply of Tract 180 Water\u2019s tap water. This outbreak should not disrupt water service to Cudahy and Bell customers. Your tap water is safe, [&hellip;]<\/p>","protected":false},"author":2,"featured_media":0,"parent":0,"menu_order":0,"comment_status":"closed","ping_status":"closed","template":"","meta":{"_lmt_disableupdate":"","_lmt_disable":""},"_links":{"self":[{"href":"https:\/\/www.tract180water.com\/es\/wp-json\/wp\/v2\/pages\/758"}],"collection":[{"href":"https:\/\/www.tract180water.com\/es\/wp-json\/wp\/v2\/pages"}],"about":[{"href":"https:\/\/www.tract180water.com\/es\/wp-json\/wp\/v2\/types\/page"}],"author":[{"embeddable":true,"href":"https:\/\/www.tract180water.com\/es\/wp-json\/wp\/v2\/users\/2"}],"replies":[{"embeddable":true,"href":"https:\/\/www.tract180water.com\/es\/wp-json\/wp\/v2\/comments?post=758"}],"version-history":[{"count":17,"href":"https:\/\/www.tract180water.com\/es\/wp-json\/wp\/v2\/pages\/758\/revisions"}],"predecessor-version":[{"id":1412,"href":"https:\/\/www.tract180water.com\/es\/wp-json\/wp\/v2\/pages\/758\/revisions\/1412"}],"wp:attachment":[{"href":"https:\/\/www.tract180water.com\/es\/wp-json\/wp\/v2\/media?parent=758"}],"curies":[{"name":"wp","href":"https:\/\/api.w.org\/{rel}","templated":true}]}}